{"id":1187,"date":"2025-08-07T16:57:16","date_gmt":"2025-08-07T16:57:16","guid":{"rendered":"https:\/\/nocrich.scout.ro\/?page_id=1187"},"modified":"2025-08-07T17:17:32","modified_gmt":"2025-08-07T17:17:32","slug":"cautam-director-executiv-pentru-centrul-cercetasesc-nocrich","status":"publish","type":"page","link":"https:\/\/nocrich.scout.ro\/?page_id=1187","title":{"rendered":"C\u0103ut\u0103m Director Executiv pentru Centrul Cercet\u0103\u0219esc Nocrich!"},"content":{"rendered":"\n<figure class=\"wp-block-image alignfull size-large\"><img loading=\"lazy\" decoding=\"async\" width=\"1024\" height=\"576\" src=\"https:\/\/nocrich.scout.ro\/wp-content\/uploads\/2025\/08\/IMG20250512200606-1-1024x576.jpg\" alt=\"\" class=\"wp-image-1190\" srcset=\"https:\/\/nocrich.scout.ro\/wp-content\/uploads\/2025\/08\/IMG20250512200606-1-1024x576.jpg 1024w, https:\/\/nocrich.scout.ro\/wp-content\/uploads\/2025\/08\/IMG20250512200606-1-300x169.jpg 300w, https:\/\/nocrich.scout.ro\/wp-content\/uploads\/2025\/08\/IMG20250512200606-1-768x432.jpg 768w, https:\/\/nocrich.scout.ro\/wp-content\/uploads\/2025\/08\/IMG20250512200606-1-1536x864.jpg 1536w, https:\/\/nocrich.scout.ro\/wp-content\/uploads\/2025\/08\/IMG20250512200606-1-2048x1152.jpg 2048w\" sizes=\"auto, (max-width: 1024px) 100vw, 1024px\" \/><\/figure>\n\n\n\n<p><strong>Loca\u021bie:<\/strong> sat Nocrich, comuna Nocrich, jud. Sibiu (30 de km de Sibiu)<br><strong>Tip job:<\/strong> Full time (locuie\u0219te la Nocrich) | Hibrid (cu prezen\u021b\u0103 regulat\u0103 la Nocrich)<\/p>\n\n\n\n<p><strong>Ce ai face?<\/strong><\/p>\n\n\n\n<p>Directorul Centrului Cercet\u0103\u0219esc este coordonatorul \u00eentregii activit\u0103\u021bi a Centrului, urm\u0103re\u0219te implementarea planului strategic \u0219i opera\u021biunile zilnice, fiind liderul care d\u0103 direc\u021bie \u0219i coeren\u021b\u0103 tuturor activit\u0103\u021bilor centrului. Pe scurt, Directorul:<\/p>\n\n\n\n<ul class=\"wp-block-list\">\n<li>Gestioneaz\u0103 oferta de activit\u0103\u021bi \u0219i servicii a Centrului Cercet\u0103\u0219esc<\/li>\n\n\n\n<li>Coordoneaz\u0103 activitatea de promovare \u0219i v\u00e2nzare a activit\u0103\u021bilor \u0219i a serviciilor, se asigur\u0103 de buna lor implementare<\/li>\n\n\n\n<li>Gestioneaz\u0103 proiectele Centrului Cercet\u0103\u0219ec, inclusiv programele European Solidarity Corps&nbsp;<\/li>\n\n\n\n<li>Gestioneaz\u0103 rela\u021bia cu partenerii, finan\u021batorii, autoritatea \u0219i comunitatea local\u0103<\/li>\n\n\n\n<li>Gestioneaz\u0103 bugetul Centrului Cercet\u0103\u0219esc, face pl\u0103\u021bile necesare, lucreaz\u0103 cu contabilul pentru raportare financiar\u0103<\/li>\n\n\n\n<li>Coordoneaz\u0103 mentanan\u021ba \u0219i dezvoltarea infrastructurii \u0219i a bazei materiale a Centrului Cercet\u0103\u0219esc<\/li>\n\n\n\n<li>Coordoneaz\u0103 activitatea de fundraising&nbsp;<\/li>\n\n\n\n<li>Urm\u0103re\u0219te aplicarea permanent\u0103 a regulilor Centrului, inclusiv cele de Safe from Harm&nbsp;<\/li>\n<\/ul>\n\n\n\n<p><strong>Cu cine faci echip\u0103?<\/strong><\/p>\n\n\n\n<p>\u00cen \u00eendeplinirea acestor responsabilit\u0103\u021bi, Directorul poate angaja personal \u0219i contracta voluntari, \u00een limita bugetului pe care \u00eel atrage. Centrul g\u0103zduie\u0219te voluntari prin programele European Solidarity Corps \u0219i Service Civique, care contribuie permanent la activitatea noastr\u0103. Adi\u021bional, Centrul poate atrage voluntari din cercet\u0103\u0219ie sau din alte zone.&nbsp;<\/p>\n\n\n\n<p>Directorul este angajat de Consiliul Centrului Cercet\u0103\u0219esc, care aprob\u0103, monitorizeaz\u0103 \u0219i valideaz\u0103 rezultatele proiectelor strategice ale Centrului.<\/p>\n\n\n\n<p><strong>Competen\u021be esen\u021biale:<\/strong><\/p>\n\n\n\n<ul class=\"wp-block-list\">\n<li>Abilit\u0103\u021bi de organizare, comunicare \u0219i leadership<\/li>\n\n\n\n<li>Experien\u021b\u0103 \u00een coordonarea de proiecte \u0219i de echipe&nbsp;<\/li>\n\n\n\n<li>Lucrul cu tineri, lucrul cu voluntari<\/li>\n\n\n\n<li>Management de proiect<\/li>\n\n\n\n<li>Cuno\u0219tin\u021be fiscale \u0219i planificare financiar\u0103 minimale<\/li>\n\n\n\n<li>Limba rom\u00e2n\u0103 \u0219i limba englez\u0103&nbsp;<\/li>\n<\/ul>\n\n\n\n<p><strong>Nice to have:<\/strong><\/p>\n\n\n\n<ul class=\"wp-block-list\">\n<li>Experien\u021b\u0103 anterioar\u0103 cu proiecte European Solidarity Corps<\/li>\n\n\n\n<li>Experien\u021b\u0103 general\u0103 de fundraising&nbsp;<\/li>\n\n\n\n<li>Permis de conducere categoria B<\/li>\n\n\n\n<li>Cerceta\u0219 \/ experien\u021b\u0103 cu cerceta\u0219ii<\/li>\n<\/ul>\n\n\n\n<p><strong>Ce oferim:<\/strong><\/p>\n\n\n\n<ul class=\"wp-block-list\">\n<li>Salariu \u00eencep\u00e2nd de la 3500 RON net (negociabil)<\/li>\n\n\n\n<li>Cazare gratuit\u0103 \u00een Centrul Cercet\u0103\u0219esc (pentru varianta on-site)<\/li>\n\n\n\n<li>Acces la autoturismele Centrului<\/li>\n<\/ul>\n\n\n\n<p><\/p>\n\n\n\n<p><strong>Pozi\u021bia este disponibil\u0103 imediat. <\/strong><\/p>\n\n\n\n<p>Pute\u021bi trimite CV-uri sau solicita mai multe informa\u021bii la Andrei AVRAM (yeti) &#8211; andrei.avram@scout.ro \/ 0741186794.<\/p>\n\n\n\n<p><strong>De ce c\u0103ut\u0103m un director nou? <\/strong>Colegii no\u0219tri Bryan \u0219i Rita \u00ee\u0219i \u00eencheie cu succes misiunea la Nocrich \u00een luna septembrie \u0219i fac urm\u0103torul pas \u00een via\u021ba lor, \u00een Portugalia. <\/p>\n","protected":false},"excerpt":{"rendered":"<p>Loca\u021bie: sat Nocrich, comuna Nocrich, jud. Sibiu (30 de km de Sibiu)Tip job: Full time (locuie\u0219te la Nocrich) | Hibrid [&hellip;]<\/p>\n","protected":false},"author":1,"featured_media":1189,"parent":0,"menu_order":0,"comment_status":"open","ping_status":"closed","template":"","meta":{"_uag_custom_page_level_css":"","site-sidebar-layout":"default","site-content-layout":"","ast-site-content-layout":"","site-content-style":"default","site-sidebar-style":"default","ast-global-header-display":"","ast-banner-title-visibility":"","ast-main-header-display":"","ast-hfb-above-header-display":"","ast-hfb-below-header-display":"","ast-hfb-mobile-header-display":"","site-post-title":"","ast-breadcrumbs-content":"","ast-featured-img":"","footer-sml-layout":"","theme-transparent-header-meta":"","adv-header-id-meta":"","stick-header-meta":"","header-above-stick-meta":"","header-main-stick-meta":"","header-below-stick-meta":"","astra-migrate-meta-layouts":"default","ast-page-background-enabled":"default","ast-page-background-meta":{"desktop":{"background-color":"var(--ast-global-color-4)","background-image":"","background-repeat":"repeat","background-position":"center center","background-size":"auto","background-attachment":"scroll","background-type":"","background-media":"","overlay-type":"","overlay-color":"","overlay-opacity":"","overlay-gradient":""},"tablet":{"background-color":"","background-image":"","background-repeat":"repeat","background-position":"center center","background-size":"auto","background-attachment":"scroll","background-type":"","background-media":"","overlay-type":"","overlay-color":"","overlay-opacity":"","overlay-gradient":""},"mobile":{"background-color":"","background-image":"","background-repeat":"repeat","background-position":"center center","background-size":"auto","background-attachment":"scroll","background-type":"","background-media":"","overlay-type":"","overlay-color":"","overlay-opacity":"","overlay-gradient":""}},"ast-content-background-meta":{"desktop":{"background-color":"var(--ast-global-color-5)","background-image":"","background-repeat":"repeat","background-position":"center center","background-size":"auto","background-attachment":"scroll","background-type":"","background-media":"","overlay-type":"","overlay-color":"","overlay-opacity":"","overlay-gradient":""},"tablet":{"background-color":"var(--ast-global-color-5)","background-image":"","background-repeat":"repeat","background-position":"center center","background-size":"auto","background-attachment":"scroll","background-type":"","background-media":"","overlay-type":"","overlay-color":"","overlay-opacity":"","overlay-gradient":""},"mobile":{"background-color":"var(--ast-global-color-5)","background-image":"","background-repeat":"repeat","background-position":"center center","background-size":"auto","background-attachment":"scroll","background-type":"","background-media":"","overlay-type":"","overlay-color":"","overlay-opacity":"","overlay-gradient":""}},"footnotes":""},"class_list":["post-1187","page","type-page","status-publish","has-post-thumbnail","hentry"],"uagb_featured_image_src":{"full":["https:\/\/nocrich.scout.ro\/wp-content\/uploads\/2025\/08\/IMG20250512200606-scaled.jpg",2560,1440,false],"thumbnail":["https:\/\/nocrich.scout.ro\/wp-content\/uploads\/2025\/08\/IMG20250512200606-150x150.jpg",150,150,true],"medium":["https:\/\/nocrich.scout.ro\/wp-content\/uploads\/2025\/08\/IMG20250512200606-300x169.jpg",300,169,true],"medium_large":["https:\/\/nocrich.scout.ro\/wp-content\/uploads\/2025\/08\/IMG20250512200606-768x432.jpg",768,432,true],"large":["https:\/\/nocrich.scout.ro\/wp-content\/uploads\/2025\/08\/IMG20250512200606-1024x576.jpg",1024,576,true],"1536x1536":["https:\/\/nocrich.scout.ro\/wp-content\/uploads\/2025\/08\/IMG20250512200606-1536x864.jpg",1536,864,true],"2048x2048":["https:\/\/nocrich.scout.ro\/wp-content\/uploads\/2025\/08\/IMG20250512200606-2048x1152.jpg",2048,1152,true]},"uagb_author_info":{"display_name":"yeti","author_link":"https:\/\/nocrich.scout.ro\/?author=1"},"uagb_comment_info":0,"uagb_excerpt":"Loca\u021bie: sat Nocrich, comuna Nocrich, jud. Sibiu (30 de km de Sibiu)Tip job: Full time (locuie\u0219te la Nocrich) | Hibrid [&hellip;]","_links":{"self":[{"href":"https:\/\/nocrich.scout.ro\/index.php?rest_route=\/wp\/v2\/pages\/1187","targetHints":{"allow":["GET"]}}],"collection":[{"href":"https:\/\/nocrich.scout.ro\/index.php?rest_route=\/wp\/v2\/pages"}],"about":[{"href":"https:\/\/nocrich.scout.ro\/index.php?rest_route=\/wp\/v2\/types\/page"}],"author":[{"embeddable":true,"href":"https:\/\/nocrich.scout.ro\/index.php?rest_route=\/wp\/v2\/users\/1"}],"replies":[{"embeddable":true,"href":"https:\/\/nocrich.scout.ro\/index.php?rest_route=%2Fwp%2Fv2%2Fcomments&post=1187"}],"version-history":[{"count":6,"href":"https:\/\/nocrich.scout.ro\/index.php?rest_route=\/wp\/v2\/pages\/1187\/revisions"}],"predecessor-version":[{"id":1198,"href":"https:\/\/nocrich.scout.ro\/index.php?rest_route=\/wp\/v2\/pages\/1187\/revisions\/1198"}],"wp:featuredmedia":[{"embeddable":true,"href":"https:\/\/nocrich.scout.ro\/index.php?rest_route=\/wp\/v2\/media\/1189"}],"wp:attachment":[{"href":"https:\/\/nocrich.scout.ro\/index.php?rest_route=%2Fwp%2Fv2%2Fmedia&parent=1187"}],"curies":[{"name":"wp","href":"https:\/\/api.w.org\/{rel}","templated":true}]}}