{"id":857,"date":"2024-11-05T10:52:43","date_gmt":"2024-11-05T10:52:43","guid":{"rendered":"https:\/\/nocrich.scout.ro\/?page_id=857"},"modified":"2024-11-05T10:54:06","modified_gmt":"2024-11-05T10:54:06","slug":"nocrich-scout-center","status":"publish","type":"page","link":"https:\/\/nocrich.scout.ro\/","title":{"rendered":"Centrul de cerceta\u0219i Nocrich"},"content":{"rendered":"\n\n\n\n<p><\/p>\n\n\n\n<hr class=\"wp-block-separator has-alpha-channel-opacity\"\/>\n\n\n\n<div class=\"wp-block-uagb-container uagb-block-810ec6ab alignfull uagb-is-root-container\"><div class=\"uagb-container-inner-blocks-wrap\">\n<div class=\"wp-block-uagb-container uagb-block-814f3df7\">\n<p class=\"has-text-align-center has-ast-global-color-0-color has-text-color has-link-color has-large-font-size wp-elements-e920de3abd0b961d04556d32e9ba0ee3\" style=\"margin-top:0;margin-right:0;margin-bottom:0;margin-left:0;padding-top:0;padding-right:0;padding-bottom:0;padding-left:0;font-style:italic;font-weight:800;line-height:1.2;text-transform:uppercase\">+<em> 200 de locuri de campare<\/em><\/p>\n\n\n\n<hr class=\"wp-block-separator has-alpha-channel-opacity\" style=\"margin-top:var(--wp--preset--spacing--40);margin-bottom:var(--wp--preset--spacing--40)\"\/>\n\n\n\n<p class=\"has-text-align-center has-large-font-size\" style=\"margin-top:0;margin-bottom:0;padding-top:0;padding-right:0;padding-bottom:0;padding-left:0;font-style:italic;font-weight:800;line-height:1.2;text-transform:uppercase\"><mark style=\"background-color:rgba(0, 0, 0, 0)\" class=\"has-inline-color has-ast-global-color-0-color\">35 de minute de Sibiu<\/mark><\/p>\n\n\n\n<hr class=\"wp-block-separator has-alpha-channel-opacity is-style-default\" style=\"margin-top:var(--wp--preset--spacing--40);margin-bottom:var(--wp--preset--spacing--40)\"\/>\n\n\n\n<p class=\"has-text-align-center has-large-font-size\" style=\"margin-top:0;margin-right:0;margin-bottom:0;margin-left:0;padding-top:0;padding-right:0;padding-bottom:0;padding-left:0;font-style:italic;font-weight:800;line-height:1.2;text-transform:uppercase\"><mark style=\"background-color:rgba(0, 0, 0, 0)\" class=\"has-inline-color has-ast-global-color-0-color\">Voluntarii sunt \u00eentotdeauna acolo pentru a ajuta<\/mark><\/p>\n<\/div>\n\n\n\n<div class=\"wp-block-uagb-container uagb-block-2db5c6e6\">\n<figure class=\"wp-block-image size-large is-resized\"><img loading=\"lazy\" decoding=\"async\" width=\"1024\" height=\"768\" src=\"https:\/\/nocrich.scout.ro\/wp-content\/uploads\/2024\/10\/IMG_1968-1024x768.jpeg\" alt=\"\" class=\"wp-image-507\" style=\"width:501px;height:auto\" srcset=\"https:\/\/nocrich.scout.ro\/wp-content\/uploads\/2024\/10\/IMG_1968-1024x768.jpeg 1024w, https:\/\/nocrich.scout.ro\/wp-content\/uploads\/2024\/10\/IMG_1968-300x225.jpeg 300w, https:\/\/nocrich.scout.ro\/wp-content\/uploads\/2024\/10\/IMG_1968-768x576.jpeg 768w, https:\/\/nocrich.scout.ro\/wp-content\/uploads\/2024\/10\/IMG_1968-1536x1152.jpeg 1536w, https:\/\/nocrich.scout.ro\/wp-content\/uploads\/2024\/10\/IMG_1968.jpeg 1600w\" sizes=\"auto, (max-width: 1024px) 100vw, 1024px\" \/><\/figure>\n<\/div>\n<\/div><\/div>\n\n\n\n<p><\/p>\n\n\n\n<hr class=\"wp-block-separator has-alpha-channel-opacity is-style-default\"\/>\n\n\n\n<h2 class=\"wp-block-heading has-text-align-center\">Vizita\u021bi-ne<\/h2>\n\n\n\n<div class=\"wp-block-uagb-container uagb-block-c42205da alignfull uagb-is-root-container\"><div class=\"uagb-container-inner-blocks-wrap\">\n<div class=\"wp-block-uagb-container uagb-block-bfffc1ac\">\n<div class=\"wp-block-uagb-image uagb-block-c6924a4b wp-block-uagb-image--layout-overlay wp-block-uagb-image--effect-zoomin wp-block-uagb-image--align-none\"><figure class=\"wp-block-uagb-image__figure\"><a class=\"\" href=\"https:\/\/nocrich.scout.ro\/?page_id=26&amp;lang=en\" target=\"\" rel=\"noopener\"><img decoding=\"async\" srcset=\"https:\/\/nocrich.scout.ro\/wp-content\/uploads\/2024\/10\/IMG_6436_Original-1-edited-5-1024x682.jpeg ,https:\/\/nocrich.scout.ro\/wp-content\/uploads\/2024\/09\/IMG_6436_Original-1-scaled.jpeg 780w, https:\/\/nocrich.scout.ro\/wp-content\/uploads\/2024\/09\/IMG_6436_Original-1-scaled.jpeg 360w\" sizes=\"auto, (max-width: 480px) 150px\" src=\"https:\/\/nocrich.scout.ro\/wp-content\/uploads\/2024\/10\/IMG_6436_Original-1-edited-5-1024x682.jpeg\" alt=\"\" class=\"uag-image-679\" width=\"1024\" height=\"682\" title=\"IMG_6436_Original\" loading=\"lazy\" role=\"img\"\/><\/a><div class=\"wp-block-uagb-image--layout-overlay__color-wrapper\"><\/div><div class=\"wp-block-uagb-image--layout-overlay__inner center-center\"><a class=\"wp-block-uagb-image--layout-overlay-link \" href=\"https:\/\/nocrich.scout.ro\/?page_id=26&amp;lang=en\" target=\"\" rel=\"noopener\"><\/a><h2 class=\"uagb-image-heading\">Accomodation<\/h2><\/div><\/figure><\/div>\n<\/div>\n\n\n\n<div class=\"wp-block-uagb-container uagb-block-1a659def\">\n<div class=\"wp-block-uagb-image uagb-block-878c3b49 wp-block-uagb-image--layout-overlay wp-block-uagb-image--effect-zoomin wp-block-uagb-image--align-none\"><figure class=\"wp-block-uagb-image__figure\"><a class=\"\" href=\"https:\/\/nocrich.scout.ro\/?page_id=28&amp;lang=en\" target=\"\" rel=\"noopener\"><img decoding=\"async\" srcset=\"https:\/\/nocrich.scout.ro\/wp-content\/uploads\/2024\/07\/hike1-1024x683.jpg ,https:\/\/nocrich.scout.ro\/wp-content\/uploads\/2024\/07\/hike1.jpg 780w, https:\/\/nocrich.scout.ro\/wp-content\/uploads\/2024\/07\/hike1.jpg 360w\" sizes=\"auto, (max-width: 480px) 150px\" src=\"https:\/\/nocrich.scout.ro\/wp-content\/uploads\/2024\/07\/hike1-1024x683.jpg\" alt=\"\" class=\"uag-image-258\" width=\"1024\" height=\"683\" title=\"hike1\" loading=\"lazy\" role=\"img\"\/><\/a><div class=\"wp-block-uagb-image--layout-overlay__color-wrapper\"><\/div><div class=\"wp-block-uagb-image--layout-overlay__inner center-center\"><a class=\"wp-block-uagb-image--layout-overlay-link \" href=\"https:\/\/nocrich.scout.ro\/?page_id=28&amp;lang=en\" target=\"\" rel=\"noopener\"><\/a><h2 class=\"uagb-image-heading\">Activites<\/h2><\/div><\/figure><\/div>\n<\/div>\n\n\n\n<div class=\"wp-block-uagb-container uagb-block-fc2e9e75\">\n<div class=\"wp-block-uagb-image uagb-block-069ccbc5 wp-block-uagb-image--layout-overlay wp-block-uagb-image--effect-zoomin wp-block-uagb-image--align-none\"><figure class=\"wp-block-uagb-image__figure\"><a class=\"\" href=\"https:\/\/nocrich.scout.ro\/?page_id=24&amp;lang=en\" target=\"\" rel=\"noopener\"><img decoding=\"async\" srcset=\"https:\/\/nocrich.scout.ro\/wp-content\/uploads\/2024\/09\/DSC_0133_Original-1024x683.jpeg ,https:\/\/nocrich.scout.ro\/wp-content\/uploads\/2024\/09\/DSC_0133_Original-scaled.jpeg 780w, https:\/\/nocrich.scout.ro\/wp-content\/uploads\/2024\/09\/DSC_0133_Original-scaled.jpeg 360w\" sizes=\"auto, (max-width: 480px) 150px\" src=\"https:\/\/nocrich.scout.ro\/wp-content\/uploads\/2024\/09\/DSC_0133_Original-1024x683.jpeg\" alt=\"\" class=\"uag-image-291\" width=\"1024\" height=\"683\" title=\"DSC_0133_Original\" loading=\"lazy\" role=\"img\"\/><\/a><div class=\"wp-block-uagb-image--layout-overlay__color-wrapper\"><\/div><div class=\"wp-block-uagb-image--layout-overlay__inner center-center\"><a class=\"wp-block-uagb-image--layout-overlay-link \" href=\"https:\/\/nocrich.scout.ro\/?page_id=24&amp;lang=en\" target=\"\" rel=\"noopener\"><\/a><h2 class=\"uagb-image-heading\">Camping<\/h2><\/div><\/figure><\/div>\n<\/div>\n<\/div><\/div>\n\n\n\n<hr class=\"wp-block-separator has-alpha-channel-opacity\"\/>\n\n\n\n<h2 class=\"wp-block-heading has-text-align-center\">R\u0103m\u00e2ne\u021bi cu noi.<\/h2>\n\n\n\n<div class=\"wp-block-uagb-container uagb-block-ffee2ac9 alignfull uagb-is-root-container\"><div class=\"uagb-container-inner-blocks-wrap\">\n<div class=\"wp-block-uagb-container uagb-block-797c598f\">\n<div class=\"wp-block-media-text is-stacked-on-mobile\" style=\"grid-template-columns:21% auto\"><figure class=\"wp-block-media-text__media\"><a href=\"https:\/\/nocrich.scout.ro\/?page_id=195&amp;lang=en\"><img loading=\"lazy\" decoding=\"async\" width=\"500\" height=\"375\" src=\"https:\/\/nocrich.scout.ro\/wp-content\/uploads\/2024\/10\/IMG_1974-1.png\" alt=\"\" class=\"wp-image-499 size-full\" srcset=\"https:\/\/nocrich.scout.ro\/wp-content\/uploads\/2024\/10\/IMG_1974-1.png 500w, https:\/\/nocrich.scout.ro\/wp-content\/uploads\/2024\/10\/IMG_1974-1-300x225.png 300w\" sizes=\"auto, (max-width: 500px) 100vw, 500px\" \/><\/a><\/figure><div class=\"wp-block-media-text__content\">\n<h3 class=\"wp-block-heading\">European Solidarity Corps<\/h3>\n\n\n\n<p>Cu <strong><a href=\"https:\/\/nocrich.scout.ro\/?page_id=195&amp;lang=en\">European Solidarity Corps<\/a><\/strong>, \u00eendrepta\u021bi-v\u0103 spre Rom\u00e2nia pentru o experien\u021b\u0103 unic\u0103. Dac\u0103 e\u0219ti european, al\u0103tur\u0103-te centrului nostru de cerceta\u0219i, particip\u0103 la proiecte de solidaritate interesante \u0219i descoper\u0103 culturi noi!<\/p>\n<\/div><\/div>\n<\/div>\n\n\n\n<div class=\"wp-block-uagb-container uagb-block-784a59e0\">\n<div class=\"wp-block-media-text alignwide is-stacked-on-mobile\" style=\"grid-template-columns:21% auto\"><figure class=\"wp-block-media-text__media\"><a href=\"https:\/\/www.service-civique.gouv.fr\/\"><img loading=\"lazy\" decoding=\"async\" width=\"1024\" height=\"558\" src=\"https:\/\/nocrich.scout.ro\/wp-content\/uploads\/2024\/10\/IMG_1973-1024x558.jpeg\" alt=\"\" class=\"wp-image-496 size-full\" srcset=\"https:\/\/nocrich.scout.ro\/wp-content\/uploads\/2024\/10\/IMG_1973-1024x558.jpeg 1024w, https:\/\/nocrich.scout.ro\/wp-content\/uploads\/2024\/10\/IMG_1973-300x163.jpeg 300w, https:\/\/nocrich.scout.ro\/wp-content\/uploads\/2024\/10\/IMG_1973-768x418.jpeg 768w, https:\/\/nocrich.scout.ro\/wp-content\/uploads\/2024\/10\/IMG_1973.jpeg 1340w\" sizes=\"auto, (max-width: 1024px) 100vw, 1024px\" \/><\/a><\/figure><div class=\"wp-block-media-text__content\">\n<h3 class=\"wp-block-heading\">Service Civique<\/h3>\n\n\n\n<p><strong><a href=\"https:\/\/www.service-civique.gouv.fr\/\" data-type=\"link\" data-id=\"https:\/\/nocrich.scout.ro\/?page_id=437&amp;lang=en\">Service Civique<\/a><\/strong> este o misiune pl\u0103tit\u0103 \u00een Rom\u00e2nia, deschis\u0103 tinerilor francezi cu v\u00e2rste cuprinse \u00eentre 16 \u0219i 25 de ani. Al\u0103tur\u0103-te centrului nostru de cerceta\u0219i \u0219i f\u0103 parte din schimbare!<\/p>\n<\/div><\/div>\n<\/div>\n\n\n\n<div class=\"wp-block-uagb-container uagb-block-c9971639\">\n<div class=\"wp-block-media-text is-stacked-on-mobile\" style=\"grid-template-columns:21% auto\"><figure class=\"wp-block-media-text__media\"><a href=\"https:\/\/nocrich.scout.ro\/?page_id=440&amp;lang=en\"><img loading=\"lazy\" decoding=\"async\" width=\"1024\" height=\"683\" src=\"https:\/\/nocrich.scout.ro\/wp-content\/uploads\/2024\/10\/IMG_1971-1024x683.jpeg\" alt=\"\" class=\"wp-image-471 size-full\" srcset=\"https:\/\/nocrich.scout.ro\/wp-content\/uploads\/2024\/10\/IMG_1971-1024x683.jpeg 1024w, https:\/\/nocrich.scout.ro\/wp-content\/uploads\/2024\/10\/IMG_1971-300x200.jpeg 300w, https:\/\/nocrich.scout.ro\/wp-content\/uploads\/2024\/10\/IMG_1971-768x512.jpeg 768w, https:\/\/nocrich.scout.ro\/wp-content\/uploads\/2024\/10\/IMG_1971-1536x1024.jpeg 1536w, https:\/\/nocrich.scout.ro\/wp-content\/uploads\/2024\/10\/IMG_1971.jpeg 1600w\" sizes=\"auto, (max-width: 1024px) 100vw, 1024px\" \/><\/a><\/figure><div class=\"wp-block-media-text__content\">\n<h3 class=\"wp-block-heading\">Voluntariatul individual<\/h3>\n\n\n\n<p>Cu <strong><a href=\"https:\/\/nocrich.scout.ro\/?page_id=440&amp;lang=en\">voluntariatul individual<\/a><\/strong>, vino s\u0103 faci munc\u0103 de voluntariat la centrul nostru de cerceta\u0219i din Rom\u00e2nia. Cazarea este asigurat\u0103, iar oricine poate aplica. O aventur\u0103 uman\u0103 de neuitat te a\u0219teapt\u0103!<\/p>\n<\/div><\/div>\n<\/div>\n<\/div><\/div>\n\n\n\n<hr class=\"wp-block-separator has-alpha-channel-opacity\" style=\"margin-top:var(--wp--preset--spacing--60);margin-bottom:var(--wp--preset--spacing--60)\"\/>\n\n\n\n<figure class=\"wp-block-embed is-type-video is-provider-youtube wp-block-embed-youtube wp-embed-aspect-4-3 wp-has-aspect-ratio\"><div class=\"wp-block-embed__wrapper\">\n<div class=\"ast-oembed-container \" style=\"height: 100%;\"><iframe loading=\"lazy\" title=\"Nocrich Scout Centre presentation 2024\" width=\"500\" height=\"375\" src=\"https:\/\/www.youtube.com\/embed\/IQMNWfy-3J4?feature=oembed\" frameborder=\"0\" allow=\"accelerometer; autoplay; clipboard-write; encrypted-media; gyroscope; picture-in-picture; web-share\" referrerpolicy=\"strict-origin-when-cross-origin\" allowfullscreen><\/iframe><\/div>\n<\/div><\/figure>\n\n\n\n<p><\/p>\n","protected":false},"excerpt":{"rendered":"<p>+ 200 de locuri de campare 35 de minute de Sibiu Voluntarii sunt \u00eentotdeauna acolo pentru a ajuta Vizita\u021bi-ne R\u0103m\u00e2ne\u021bi [&hellip;]<\/p>\n","protected":false},"author":7,"featured_media":0,"parent":0,"menu_order":0,"comment_status":"closed","ping_status":"closed","template":"","meta":{"_uag_custom_page_level_css":"","site-sidebar-layout":"default","site-content-layout":"","ast-site-content-layout":"","site-content-style":"default","site-sidebar-style":"default","ast-global-header-display":"","ast-banner-title-visibility":"","ast-main-header-display":"","ast-hfb-above-header-display":"","ast-hfb-below-header-display":"","ast-hfb-mobile-header-display":"","site-post-title":"disabled","ast-breadcrumbs-content":"","ast-featured-img":"","footer-sml-layout":"","theme-transparent-header-meta":"","adv-header-id-meta":"","stick-header-meta":"","header-above-stick-meta":"","header-main-stick-meta":"","header-below-stick-meta":"","astra-migrate-meta-layouts":"default","ast-page-background-enabled":"default","ast-page-background-meta":{"desktop":{"background-color":"var(--ast-global-color-4)","background-image":"","background-repeat":"repeat","background-position":"center center","background-size":"auto","background-attachment":"scroll","background-type":"","background-media":"","overlay-type":"","overlay-color":"","overlay-opacity":"","overlay-gradient":""},"tablet":{"background-color":"","background-image":"","background-repeat":"repeat","background-position":"center center","background-size":"auto","background-attachment":"scroll","background-type":"","background-media":"","overlay-type":"","overlay-color":"","overlay-opacity":"","overlay-gradient":""},"mobile":{"background-color":"","background-image":"","background-repeat":"repeat","background-position":"center center","background-size":"auto","background-attachment":"scroll","background-type":"","background-media":"","overlay-type":"","overlay-color":"","overlay-opacity":"","overlay-gradient":""}},"ast-content-background-meta":{"desktop":{"background-color":"var(--ast-global-color-5)","background-image":"","background-repeat":"repeat","background-position":"center center","background-size":"auto","background-attachment":"scroll","background-type":"","background-media":"","overlay-type":"","overlay-color":"","overlay-opacity":"","overlay-gradient":""},"tablet":{"background-color":"var(--ast-global-color-5)","background-image":"","background-repeat":"repeat","background-position":"center center","background-size":"auto","background-attachment":"scroll","background-type":"","background-media":"","overlay-type":"","overlay-color":"","overlay-opacity":"","overlay-gradient":""},"mobile":{"background-color":"var(--ast-global-color-5)","background-image":"","background-repeat":"repeat","background-position":"center center","background-size":"auto","background-attachment":"scroll","background-type":"","background-media":"","overlay-type":"","overlay-color":"","overlay-opacity":"","overlay-gradient":""}},"footnotes":""},"class_list":["post-857","page","type-page","status-publish","hentry"],"uagb_featured_image_src":{"full":false,"thumbnail":false,"medium":false,"medium_large":false,"large":false,"1536x1536":false,"2048x2048":false},"uagb_author_info":{"display_name":"Alexis Lemarie","author_link":"https:\/\/nocrich.scout.ro\/?author=7"},"uagb_comment_info":0,"uagb_excerpt":"+ 200 de locuri de campare 35 de minute de Sibiu Voluntarii sunt \u00eentotdeauna acolo pentru a ajuta Vizita\u021bi-ne R\u0103m\u00e2ne\u021bi [&hellip;]","_links":{"self":[{"href":"https:\/\/nocrich.scout.ro\/index.php?rest_route=\/wp\/v2\/pages\/857","targetHints":{"allow":["GET"]}}],"collection":[{"href":"https:\/\/nocrich.scout.ro\/index.php?rest_route=\/wp\/v2\/pages"}],"about":[{"href":"https:\/\/nocrich.scout.ro\/index.php?rest_route=\/wp\/v2\/types\/page"}],"author":[{"embeddable":true,"href":"https:\/\/nocrich.scout.ro\/index.php?rest_route=\/wp\/v2\/users\/7"}],"replies":[{"embeddable":true,"href":"https:\/\/nocrich.scout.ro\/index.php?rest_route=%2Fwp%2Fv2%2Fcomments&post=857"}],"version-history":[{"count":5,"href":"https:\/\/nocrich.scout.ro\/index.php?rest_route=\/wp\/v2\/pages\/857\/revisions"}],"predecessor-version":[{"id":862,"href":"https:\/\/nocrich.scout.ro\/index.php?rest_route=\/wp\/v2\/pages\/857\/revisions\/862"}],"wp:attachment":[{"href":"https:\/\/nocrich.scout.ro\/index.php?rest_route=%2Fwp%2Fv2%2Fmedia&parent=857"}],"curies":[{"name":"wp","href":"https:\/\/api.w.org\/{rel}","templated":true}]}}